{"id":381,"date":"2016-04-19T07:38:10","date_gmt":"2016-04-19T07:38:10","guid":{"rendered":"http:\/\/pogotowiegenealogiczne.pl\/?page_id=381"},"modified":"2016-05-03T07:56:33","modified_gmt":"2016-05-03T07:56:33","slug":"deutsch","status":"publish","type":"page","link":"https:\/\/pogotowiegenealogiczne.pl\/?page_id=381","title":{"rendered":"DEUTSCH"},"content":{"rendered":"<p style=\"text-align: justify;\"><img loading=\"lazy\" decoding=\"async\" class=\"size-full wp-image-287 alignleft\" src=\"http:\/\/pogotowiegenealogiczne.pl\/wp-content\/uploads\/2016\/02\/start_eng.jpg\" alt=\"start_eng\" width=\"250\" height=\"250\" srcset=\"https:\/\/pogotowiegenealogiczne.pl\/wp-content\/uploads\/2016\/02\/start_eng.jpg 250w, https:\/\/pogotowiegenealogiczne.pl\/wp-content\/uploads\/2016\/02\/start_eng-150x150.jpg 150w, https:\/\/pogotowiegenealogiczne.pl\/wp-content\/uploads\/2016\/02\/start_eng-230x230.jpg 230w\" sizes=\"auto, (max-width: 250px) 100vw, 250px\" \/><\/p>\n<p style=\"text-align: justify;\">Sie sind auf der Suche nach Ihren Vorfahren in Polen? Dann sind Sie hier richtig! Der \u201cGenealogische Bereitschaftsdienst\u201c (Pogotowie Genealogiczne) ist eine Firma, die vor allem Recherchen zu Geburts-, Heirats- und Sterbeurkunden in polnischen Staats- und Kirchenarchiven durchf\u00fchrt. Wir sind aber auch in der Lage, Papiere anderer Art, die Ihre Familie betreffen (notarielle Urkunden, Meldeb\u00fccher, Schulzeugnisse) ausfindig zu machen. Auf Wunsch senden wir auch Unterlagenscans und die zugeh\u00f6rige \u00dcbersetzung (aus dem Lateinischen, Polnischen, Russischen und Deutschen ins Englische, Deutsche und Russische).<\/p>\n<p>Bei Interesse k\u00f6nnen Sie uns gern per E-Mail kontaktieren unter: kontakt@pogotowiegenealogiczne.pl<\/p>\n<p>&nbsp;<\/p>\n","protected":false},"excerpt":{"rendered":"<p>Sie sind auf der Suche nach Ihren Vorfahren in Polen? Dann sind Sie hier richtig! Der \u201cGenealogische Bereitschaftsdienst\u201c (Pogotowie Genealogiczne) ist eine Firma, die vor allem Recherchen zu Geburts-, Heirats- und Sterbeurkunden in polnischen Staats- und Kirchenarchiven durchf\u00fchrt. Wir sind&hellip; <\/p>\n","protected":false},"author":1,"featured_media":0,"parent":0,"menu_order":0,"comment_status":"closed","ping_status":"closed","template":"","meta":{"footnotes":""},"class_list":["post-381","page","type-page","status-publish","hentry"],"_links":{"self":[{"href":"https:\/\/pogotowiegenealogiczne.pl\/index.php?rest_route=\/wp\/v2\/pages\/381","targetHints":{"allow":["GET"]}}],"collection":[{"href":"https:\/\/pogotowiegenealogiczne.pl\/index.php?rest_route=\/wp\/v2\/pages"}],"about":[{"href":"https:\/\/pogotowiegenealogiczne.pl\/index.php?rest_route=\/wp\/v2\/types\/page"}],"author":[{"embeddable":true,"href":"https:\/\/pogotowiegenealogiczne.pl\/index.php?rest_route=\/wp\/v2\/users\/1"}],"replies":[{"embeddable":true,"href":"https:\/\/pogotowiegenealogiczne.pl\/index.php?rest_route=%2Fwp%2Fv2%2Fcomments&post=381"}],"version-history":[{"count":9,"href":"https:\/\/pogotowiegenealogiczne.pl\/index.php?rest_route=\/wp\/v2\/pages\/381\/revisions"}],"predecessor-version":[{"id":417,"href":"https:\/\/pogotowiegenealogiczne.pl\/index.php?rest_route=\/wp\/v2\/pages\/381\/revisions\/417"}],"wp:attachment":[{"href":"https:\/\/pogotowiegenealogiczne.pl\/index.php?rest_route=%2Fwp%2Fv2%2Fmedia&parent=381"}],"curies":[{"name":"wp","href":"https:\/\/api.w.org\/{rel}","templated":true}]}}