{"id":37,"date":"2016-04-11T07:57:17","date_gmt":"2016-04-11T07:57:17","guid":{"rendered":"http:\/\/pogotowiegenealogiczne.pl\/?page_id=37"},"modified":"2016-05-30T12:46:29","modified_gmt":"2016-05-30T12:46:29","slug":"oferta-3","status":"publish","type":"page","link":"https:\/\/pogotowiegenealogiczne.pl\/?page_id=37","title":{"rendered":"Oferta &#8211; jak mo\u017cemy pom\u00f3c?"},"content":{"rendered":"<p style=\"text-align: justify;\"><img loading=\"lazy\" decoding=\"async\" class=\"size-full wp-image-282 alignleft\" src=\"http:\/\/pogotowiegenealogiczne.pl\/wp-content\/uploads\/2016\/02\/male_P.jpg\" alt=\"male_P\" width=\"50\" height=\"50\" \/><strong><em>Pozyskiwanie podstawowych dokument\u00f3w genealogicznych (akta stanu cywilnego, wpisy do ksi\u0105g parafialnych)<\/em><\/strong><br \/>\nPozyskiwanie odbywa\u0107 si\u0119 b\u0119dzie przede wszystkim dzi\u0119ki poszukiwaniom internetowym, listownym kontaktom z archiwami pa\u0144stwowymi i diecezjalnymi, rzadziej &#8211; poszukiwaniom prowadzonym osobi\u015bcie w archiwach.<\/p>\n<hr \/>\n<p style=\"text-align: justify;\"><img loading=\"lazy\" decoding=\"async\" class=\"size-full wp-image-284 alignleft\" src=\"http:\/\/pogotowiegenealogiczne.pl\/wp-content\/uploads\/2016\/02\/male_T.jpg\" alt=\"male_T\" width=\"50\" height=\"50\" \/><em><strong>T\u0142umaczenia<\/strong><\/em><br \/>\nKsi\u0119gi parafialne, w kt\u00f3rych zapisywano chrzty, \u015bluby i zgony &#8211; do pocz\u0105tk\u00f3w XIX w. spisywane by\u0142y wy\u0142\u0105cznie po \u0142acinie. W czasie zabor\u00f3w z kolei &#8211; du\u017c\u0105 cz\u0119\u015b\u0107 dokument\u00f3w spisywano po niemiecku lub rosyjsku. Pogotowie Genealogiczne t\u0142umaczy na polski dokumenty ze wszystkich trzech wymienionych j\u0119zyk\u00f3w.<\/p>\n<hr \/>\n<p style=\"text-align: justify;\"><em><strong><img loading=\"lazy\" decoding=\"async\" class=\"size-full wp-image-280 alignleft\" src=\"http:\/\/pogotowiegenealogiczne.pl\/wp-content\/uploads\/2016\/02\/male_A.jpg\" alt=\"male_A\" width=\"50\" height=\"50\" \/>Archiwizacja odkry\u0107<\/strong><\/em><br \/>\nPogotowie Genealogiczne mo\u017ce stworzy\u0107 internetowe archiwum wszystkich zebranych przez klienta dokument\u00f3w wed\u0142ug w\u0142asnych wzorc\u00f3w lub zaproponowanych przez klienta. Archiwum mo\u017ce by\u0107 dost\u0119pne z serwera Pogotowia.<\/p>\n<hr \/>\n<p style=\"text-align: justify;\"><em><strong><img loading=\"lazy\" decoding=\"async\" class=\"size-full wp-image-281 alignleft\" src=\"http:\/\/pogotowiegenealogiczne.pl\/wp-content\/uploads\/2016\/02\/male_d.jpg\" alt=\"male_d\" width=\"50\" height=\"50\" \/>Drzewa genealogiczne<\/strong><\/em><br \/>\nPogotowie Genealogiczne dysponuje mo\u017cliwo\u015bciami wykonywania drzew genealogicznych &#8211; tak jak w przypadku stron internetowych &#8211; wed\u0142ug wzorc\u00f3w wypracowanych przez firm\u0119 lub zaproponowanych przez klienta.<\/p>\n<hr \/>\n<p style=\"text-align: justify;\"><img loading=\"lazy\" decoding=\"async\" class=\"size-full wp-image-281 alignleft\" src=\"http:\/\/pogotowiegenealogiczne.pl\/wp-content\/uploads\/2016\/02\/male_d.jpg\" alt=\"male_d\" width=\"50\" height=\"50\" \/><em><strong>Dokumentacja szlak\u00f3w migracyjnych i opisy historyczne<\/strong><\/em><br \/>\nNa podstawie zebranych dokument\u00f3w Pogotowie Genealogiczne przygotowuje materia\u0142y historyczne: mapy z zaznaczonymi szlakami migracyjnymi rodziny, opisami parafii, dziejami osadnictwa na interesuj\u0105cych klienta terenach.<\/p>\n<hr \/>\n<p style=\"text-align: justify;\"><img loading=\"lazy\" decoding=\"async\" class=\"size-full wp-image-282 alignleft\" src=\"http:\/\/pogotowiegenealogiczne.pl\/wp-content\/uploads\/2016\/02\/male_P.jpg\" alt=\"male_P\" width=\"50\" height=\"50\" \/><strong><em>Przygotowywanie bibliografii<\/em><\/strong><br \/>\nDla os\u00f3b zainteresowanych poszerzaniem wiedzy na temat przodk\u00f3w &#8211; ich miejsc zamieszkania, stosunk\u00f3w w\u0142asno\u015bciowych na terenach ich \u017cycia, obyczaj\u00f3w itp. Pogotowie Genealogiczne przygotowuje obszerne bibliografie.<\/p>\n<hr \/>\n<p style=\"text-align: justify;\"><img loading=\"lazy\" decoding=\"async\" class=\"size-full wp-image-283 alignleft\" src=\"http:\/\/pogotowiegenealogiczne.pl\/wp-content\/uploads\/2016\/02\/male_s.jpg\" alt=\"male_s\" width=\"50\" height=\"50\" \/><strong><em>Seminaria i warsztaty<\/em><\/strong><br \/>\nFirma przeprowadza warsztaty genealogiczne dla dzieci w szko\u0142ach i przedszkolach, a tak\u017ce dla os\u00f3b doros\u0142ych (np. Uniwersytety Trzeciego Wieku). Celem jest wzbudzenie w uczestnikach zainteresowania genealogi\u0105 i histori\u0105 w\u0142asnej rodziny. Dodatkowo &#8211; wy\u0142\u0105cznie dla sta\u0142ych klient\u00f3w istnieje mo\u017cliwo\u015b\u0107 indywidualnych konsultacji (poszukiwanie informacji w Internecie, korzystanie z zasob\u00f3w archiw\u00f3w, t\u0142umaczenia).<\/p>\n<hr \/>\n<p style=\"text-align: justify;\"><strong><em><img loading=\"lazy\" decoding=\"async\" class=\"size-full wp-image-282 alignleft\" src=\"http:\/\/pogotowiegenealogiczne.pl\/wp-content\/uploads\/2016\/02\/male_P.jpg\" alt=\"male_P\" width=\"50\" height=\"50\" \/>Porz\u0105dkowanie spu\u015bcizny genealogicznej<\/em><\/strong><br \/>\nDla klient\u00f3w, kt\u00f3rzy odziedziczyli po przodkach materia\u0142y genealogiczne (zdj\u0119cia, listy, dokumenty) firma oferuje pomoc w uporz\u0105dkowaniu ich zgodnie z wypracowanymi przez lata zasadami.<\/p>\n<hr \/>\n<p style=\"text-align: justify;\"><strong><em><img loading=\"lazy\" decoding=\"async\" class=\"size-full wp-image-282 alignleft\" src=\"http:\/\/pogotowiegenealogiczne.pl\/wp-content\/uploads\/2016\/02\/male_P.jpg\" alt=\"male_P\" width=\"50\" height=\"50\" \/>Pozosta\u0142e<br \/>\n<\/em><\/strong>Odnajdywanie XIX i XX wiecznych ksi\u0105g i akt\u00f3w notarialnych na potrzeby spraw s\u0105dowych dotycz\u0105cych ustalenia praw do nieruchomo\u015bci i ziemi; przygotowywanie informacji dotycz\u0105cych rodziny na potrzeby terapii psychologicznej (np. ustawie\u0144 Hellingerowskich).<\/p>\n","protected":false},"excerpt":{"rendered":"<p>Pozyskiwanie podstawowych dokument\u00f3w genealogicznych (akta stanu cywilnego, wpisy do ksi\u0105g parafialnych) Pozyskiwanie odbywa\u0107 si\u0119 b\u0119dzie przede wszystkim dzi\u0119ki poszukiwaniom internetowym, listownym kontaktom z archiwami pa\u0144stwowymi i diecezjalnymi, rzadziej &#8211; poszukiwaniom prowadzonym osobi\u015bcie w archiwach. T\u0142umaczenia Ksi\u0119gi parafialne, w kt\u00f3rych zapisywano&hellip; <\/p>\n","protected":false},"author":1,"featured_media":0,"parent":0,"menu_order":0,"comment_status":"closed","ping_status":"closed","template":"","meta":{"footnotes":""},"class_list":["post-37","page","type-page","status-publish","hentry"],"_links":{"self":[{"href":"https:\/\/pogotowiegenealogiczne.pl\/index.php?rest_route=\/wp\/v2\/pages\/37","targetHints":{"allow":["GET"]}}],"collection":[{"href":"https:\/\/pogotowiegenealogiczne.pl\/index.php?rest_route=\/wp\/v2\/pages"}],"about":[{"href":"https:\/\/pogotowiegenealogiczne.pl\/index.php?rest_route=\/wp\/v2\/types\/page"}],"author":[{"embeddable":true,"href":"https:\/\/pogotowiegenealogiczne.pl\/index.php?rest_route=\/wp\/v2\/users\/1"}],"replies":[{"embeddable":true,"href":"https:\/\/pogotowiegenealogiczne.pl\/index.php?rest_route=%2Fwp%2Fv2%2Fcomments&post=37"}],"version-history":[{"count":30,"href":"https:\/\/pogotowiegenealogiczne.pl\/index.php?rest_route=\/wp\/v2\/pages\/37\/revisions"}],"predecessor-version":[{"id":420,"href":"https:\/\/pogotowiegenealogiczne.pl\/index.php?rest_route=\/wp\/v2\/pages\/37\/revisions\/420"}],"wp:attachment":[{"href":"https:\/\/pogotowiegenealogiczne.pl\/index.php?rest_route=%2Fwp%2Fv2%2Fmedia&parent=37"}],"curies":[{"name":"wp","href":"https:\/\/api.w.org\/{rel}","templated":true}]}}