{"id":27,"date":"2016-04-11T07:48:20","date_gmt":"2016-04-11T07:48:20","guid":{"rendered":"http:\/\/pogotowiegenealogiczne.pl\/?page_id=27"},"modified":"2025-02-16T11:16:28","modified_gmt":"2025-02-16T11:16:28","slug":"cennik","status":"publish","type":"page","link":"https:\/\/pogotowiegenealogiczne.pl\/?page_id=27","title":{"rendered":"Cennik"},"content":{"rendered":"\n<p style=\"text-align: justify;\"><img loading=\"lazy\" decoding=\"async\" class=\"size-full wp-image-286 alignleft\" src=\"http:\/\/pogotowiegenealogiczne.pl\/wp-content\/uploads\/2016\/02\/start_ceny.jpg\" alt=\"start_ceny\" width=\"250\" height=\"250\" srcset=\"https:\/\/pogotowiegenealogiczne.pl\/wp-content\/uploads\/2016\/02\/start_ceny.jpg 250w, https:\/\/pogotowiegenealogiczne.pl\/wp-content\/uploads\/2016\/02\/start_ceny-150x150.jpg 150w, https:\/\/pogotowiegenealogiczne.pl\/wp-content\/uploads\/2016\/02\/start_ceny-230x230.jpg 230w\" sizes=\"auto, (max-width: 250px) 100vw, 250px\" \/>Wi\u0119kszo\u015b\u0107 poszukiwa\u0144 genealogicznych rozpoczyna si\u0119 od pozyskania podstawowych dokument\u00f3w dotycz\u0105cych przodk\u00f3w &#8211; najcz\u0119\u015bciej s\u0105 to akty urodzenia (b\u0105d\u017a chrztu), \u015blubu i zgonu. Dopiero zebranie podstawowych fakt\u00f3w z \u017cycia poszukiwanych os\u00f3b mo\u017ce otworzy\u0107 nowe obszary &#8211; ustalanie zawod\u00f3w, szczeg\u00f3\u0142owych danych dotycz\u0105cych zamieszkania, szlak\u00f3w migracyjnych itp. itd.<br><br>Pozyskiwanie dokument\u00f3w to zawsze czas &#8211; niezale\u017cnie od tego, czy skany dokument\u00f3w dost\u0119pne s\u0105 w Internecie, trzeba je zamawia\u0107 w archiwach, czy te\u017c osobi\u015bcie wybra\u0107 si\u0119 konkretnej parafii. St\u0105d te\u017c podstawow\u0105 jednostk\u0105 w cenniku Pogotowia Genealogicznego jest cena za godzin\u0119 poszukiwa\u0144 &#8211; 80 z\u0142. O ile pozyskanie dokumentu lub wcze\u015bniejsze jego poszukiwania b\u0119d\u0105 wymaga\u0142y osobistej wizyty we wskazanym archiwum (urz\u0119dzie czy muzeum) &#8211; cena takiej pracy to dalej 80 z\u0142otych za godzin\u0119 poszukiwa\u0144 oraz dodatkowo zwrot koszt\u00f3w zwi\u0105zanych z dojazdem do plac\u00f3wki. <br><br>Je\u015bli znalezione dokumenty b\u0119d\u0105 zapisane po \u0142acinie, rosyjsku lub niemiecku &#8211; dodatkow\u0105 cen\u0105 b\u0119dzie przet\u0142umaczenie dokumentu (o ile b\u0119dzie to konieczne). T\u0142umaczony zapis mo\u017ce dwu zdaniowym lakonicznym wpisem o zgonie, ale i jednostronicowym aktem ma\u0142\u017ce\u0144stwa. Stawka za t\u0142umaczenie oscyluje wi\u0119c mi\u0119dzy 10 a 30 z\u0142 za dokument. W ramach t\u0142umaczenia uzyskujecie Pa\u0144stwo r\u00f3wnie\u017c wyja\u015bnienie pojawiaj\u0105cych si\u0119 archaizm\u00f3w, status\u00f3w spo\u0142ecznych czy nietypowych zapis\u00f3w (np. sp\u00f3\u017anienia w spisaniu aktu, informacji o s\u0142u\u017cbie wojskowej, zg\u00f3d na \u015bluby itp.).<br><br>\nStawka godzinowa b\u0119dzie mia\u0142a zastosowanie r\u00f3wnie\u017c w przypadku, kiedy podczas poszukiwa\u0144 nie uda si\u0119 znale\u017a\u0107 \u017cadnych dokument\u00f3w.<br><br>\nFirma dysponuje r\u00f3wnie\u017c w\u0142asnym wzorem &#8222;artystycznego&#8221; drzewa genealogicznego &#8211; koszt jego przygotowania w zale\u017cno\u015bci od tego ile os\u00f3b b\u0119dzie na nim umieszczonych zaczyna si\u0119 od 300 z\u0142otych. Pliki, kt\u00f3re Pa\u0144stwo otrzymujecie umo\u017cliwiaj\u0105 wydruk do formaty A0.<br><br>\nPozosta\u0142e us\u0142ugi z zakresu tego, co oferuje Pogotowie Genealogiczne (wykonywanie drzew genealogicznych, przygotowanie bibliografii, opracowanie historii rodu) jest w ka\u017cdym przypadku tak r\u00f3\u017cne, \u017ce ceny ustalamy indywidualnie.<\/p>\n","protected":false},"excerpt":{"rendered":"<p>Wi\u0119kszo\u015b\u0107 poszukiwa\u0144 genealogicznych rozpoczyna si\u0119 od pozyskania podstawowych dokument\u00f3w dotycz\u0105cych przodk\u00f3w &#8211; najcz\u0119\u015bciej s\u0105 to akty urodzenia (b\u0105d\u017a chrztu), \u015blubu i zgonu. Dopiero zebranie podstawowych fakt\u00f3w z \u017cycia poszukiwanych os\u00f3b mo\u017ce otworzy\u0107 nowe obszary &#8211; ustalanie zawod\u00f3w, szczeg\u00f3\u0142owych danych dotycz\u0105cych&hellip; <\/p>\n","protected":false},"author":1,"featured_media":0,"parent":0,"menu_order":0,"comment_status":"closed","ping_status":"closed","template":"","meta":{"footnotes":""},"class_list":["post-27","page","type-page","status-publish","hentry"],"_links":{"self":[{"href":"https:\/\/pogotowiegenealogiczne.pl\/index.php?rest_route=\/wp\/v2\/pages\/27","targetHints":{"allow":["GET"]}}],"collection":[{"href":"https:\/\/pogotowiegenealogiczne.pl\/index.php?rest_route=\/wp\/v2\/pages"}],"about":[{"href":"https:\/\/pogotowiegenealogiczne.pl\/index.php?rest_route=\/wp\/v2\/types\/page"}],"author":[{"embeddable":true,"href":"https:\/\/pogotowiegenealogiczne.pl\/index.php?rest_route=\/wp\/v2\/users\/1"}],"replies":[{"embeddable":true,"href":"https:\/\/pogotowiegenealogiczne.pl\/index.php?rest_route=%2Fwp%2Fv2%2Fcomments&post=27"}],"version-history":[{"count":21,"href":"https:\/\/pogotowiegenealogiczne.pl\/index.php?rest_route=\/wp\/v2\/pages\/27\/revisions"}],"predecessor-version":[{"id":459,"href":"https:\/\/pogotowiegenealogiczne.pl\/index.php?rest_route=\/wp\/v2\/pages\/27\/revisions\/459"}],"wp:attachment":[{"href":"https:\/\/pogotowiegenealogiczne.pl\/index.php?rest_route=%2Fwp%2Fv2%2Fmedia&parent=27"}],"curies":[{"name":"wp","href":"https:\/\/api.w.org\/{rel}","templated":true}]}}