{"id":2,"date":"2016-02-03T04:08:41","date_gmt":"2016-02-03T04:08:41","guid":{"rendered":"http:\/\/wp442m.a10-52-158-154.qa.plesk.ru\/wordpress\/?page_id=2"},"modified":"2016-04-30T08:51:17","modified_gmt":"2016-04-30T08:51:17","slug":"sample-page","status":"publish","type":"page","link":"https:\/\/pogotowiegenealogiczne.pl\/","title":{"rendered":""},"content":{"rendered":"<p style=\"text-align: justify;\">Poznanie historii w\u0142asnej rodziny, odnalezienie przodk\u00f3w sprzed 200-300 lat, czy cho\u0107by ustalenie kim byli i gdzie mieszkali wszyscy nasi pradziadkowie &#8211; nie jest \u0142atwe. Zebranie wszystkich rodzinnych opowie\u015bci i dokument\u00f3w, poszukiwania internetowe &#8211; nie daj\u0105 w wi\u0119kszo\u015bci przypadk\u00f3w zadowalaj\u0105cego rezultatu. Do poznania cho\u0107by kilkudziesi\u0119ciu os\u00f3b, kt\u00f3rych geny nosimy w sobie, odszukania cz\u0142onk\u00f3w rodziny, o kt\u00f3rych nic dot\u0105d nie wiemy &#8211; potrzeba czasu, czasu i jeszcze raz czasu. I oczywi\u015bcie do\u015bwiadczenia&#8230;<\/p>\n<p style=\"text-align: justify;\">Dzia\u0142alno\u015b\u0107 Pogotowia Genealogicznego ma pom\u00f3c w sytuacji, w kt\u00f3rej za ch\u0119ci\u0105 poznawania w\u0142asnych korzeni i przesz\u0142o\u015bci &#8211; nie idzie nieograniczona ilo\u015b\u0107 czasu, kt\u00f3ry mo\u017cna na to po\u015bwi\u0119ci\u0107.<\/p>\n<p style=\"text-align: justify;\">Pogotowie Genealogiczne to wynik do\u015bwiadcze\u0144 w poszukiwaniu korzeni w\u0142asnej rodziny. Tw\u00f3rca Pogotowia genealogi\u0105 zajmuje <span class=\"text_exposed_show\">si\u0119 od 20 lat &#8211; przez ten czas odwiedzi\u0142 dziesi\u0105tki archiw\u00f3w, urz\u0119d\u00f3w, parafii i \u2026 cmentarzy.\u00a0 Dzi\u0119ki cz\u0119stym kontaktom z ksi\u0119gami parafialnymi spisywanymi w wi\u0119kszo\u015bci nie po polsku &#8211; zna na poziomie genealogicznym rosyjski, niemiecki i \u0142acin\u0119.<\/span><\/p>\n<p style=\"text-align: justify;\"><span class=\"text_exposed_show\"><br \/>\n<img loading=\"lazy\" decoding=\"async\" class=\"size-full wp-image-288 alignleft\" src=\"http:\/\/pogotowiegenealogiczne.pl\/wp-content\/uploads\/2016\/02\/start_glowna-1.jpg\" alt=\"start_glowna\" width=\"200\" height=\"200\" srcset=\"https:\/\/pogotowiegenealogiczne.pl\/wp-content\/uploads\/2016\/02\/start_glowna-1.jpg 200w, https:\/\/pogotowiegenealogiczne.pl\/wp-content\/uploads\/2016\/02\/start_glowna-1-150x150.jpg 150w\" sizes=\"auto, (max-width: 200px) 100vw, 200px\" \/><strong>Co mo\u017ce zapewni\u0107 Pogotowie?<\/strong><\/span><\/p>\n<ul style=\"text-align: justify;\">\n<li><span class=\"text_exposed_show\">przede wszystkim odszukanie podstawowych dokument\u00f3w dotycz\u0105cych rodziny, czyli akt\u00f3w urodze\u0144, \u015blub\u00f3w i zgon\u00f3w (oraz ich przet\u0142umaczenie, je\u015bli nie by\u0142y spisane po polsku),<\/span><\/li>\n<li><span class=\"text_exposed_show\">ustalenie pochodzenie nazwiska i miejsc z kt\u00f3rych wywodzi si\u0119 rodzina,<\/span><\/li>\n<li><span class=\"text_exposed_show\">przygotowanie drzewa genealogicznego,<\/span><\/li>\n<li><a href=\"http:\/\/pogotowiegenealogiczne.pl\/?page_id=37\">i wiele innych<\/a><\/li>\n<\/ul>\n<p style=\"text-align: left;\">Zapraszam do wsp\u00f3\u0142pracy!<\/p>\n","protected":false},"excerpt":{"rendered":"<p>Poznanie historii w\u0142asnej rodziny, odnalezienie przodk\u00f3w sprzed 200-300 lat, czy cho\u0107by ustalenie kim byli i gdzie mieszkali wszyscy nasi pradziadkowie &#8211; nie jest \u0142atwe. Zebranie wszystkich rodzinnych opowie\u015bci i dokument\u00f3w, poszukiwania internetowe &#8211; nie daj\u0105 w wi\u0119kszo\u015bci przypadk\u00f3w zadowalaj\u0105cego rezultatu.&hellip; <\/p>\n","protected":false},"author":1,"featured_media":0,"parent":0,"menu_order":0,"comment_status":"closed","ping_status":"open","template":"","meta":{"footnotes":""},"class_list":["post-2","page","type-page","status-publish","hentry"],"_links":{"self":[{"href":"https:\/\/pogotowiegenealogiczne.pl\/index.php?rest_route=\/wp\/v2\/pages\/2","targetHints":{"allow":["GET"]}}],"collection":[{"href":"https:\/\/pogotowiegenealogiczne.pl\/index.php?rest_route=\/wp\/v2\/pages"}],"about":[{"href":"https:\/\/pogotowiegenealogiczne.pl\/index.php?rest_route=\/wp\/v2\/types\/page"}],"author":[{"embeddable":true,"href":"https:\/\/pogotowiegenealogiczne.pl\/index.php?rest_route=\/wp\/v2\/users\/1"}],"replies":[{"embeddable":true,"href":"https:\/\/pogotowiegenealogiczne.pl\/index.php?rest_route=%2Fwp%2Fv2%2Fcomments&post=2"}],"version-history":[{"count":33,"href":"https:\/\/pogotowiegenealogiczne.pl\/index.php?rest_route=\/wp\/v2\/pages\/2\/revisions"}],"predecessor-version":[{"id":412,"href":"https:\/\/pogotowiegenealogiczne.pl\/index.php?rest_route=\/wp\/v2\/pages\/2\/revisions\/412"}],"wp:attachment":[{"href":"https:\/\/pogotowiegenealogiczne.pl\/index.php?rest_route=%2Fwp%2Fv2%2Fmedia&parent=2"}],"curies":[{"name":"wp","href":"https:\/\/api.w.org\/{rel}","templated":true}]}}